{"id":2003,"date":"2025-02-13T14:23:21","date_gmt":"2025-02-13T21:23:21","guid":{"rendered":"https:\/\/guide.arucc.pccat.ca\/comparing-standards\/"},"modified":"2025-04-10T13:17:22","modified_gmt":"2025-04-10T19:17:22","slug":"comparaison-des-normes","status":"publish","type":"page","link":"https:\/\/guide.arucc.pccat.ca\/fr\/comparaison-des-normes\/","title":{"rendered":"Comparaison des normes"},"content":{"rendered":"\t\t<div data-elementor-type=\"wp-page\" data-elementor-id=\"2003\" class=\"elementor elementor-2003 elementor-1311\" data-elementor-post-type=\"page\">\n\t\t\t\t<div class=\"elementor-element elementor-element-ba62034 e-flex e-con-boxed wpr-particle-no wpr-jarallax-no wpr-parallax-no wpr-sticky-section-no e-con e-parent\" data-id=\"ba62034\" data-element_type=\"container\" data-e-type=\"container\">\n\t\t\t\t\t<div class=\"e-con-inner\">\n\t\t<div class=\"elementor-element elementor-element-4bf2f8c e-con-full e-flex wpr-particle-no wpr-jarallax-no wpr-parallax-no wpr-sticky-section-no e-con e-child\" data-id=\"4bf2f8c\" data-element_type=\"container\" data-e-type=\"container\">\n\t\t\t\t<div class=\"elementor-element elementor-element-02bf4be elementor-widget elementor-widget-heading\" data-id=\"02bf4be\" data-element_type=\"widget\" data-e-type=\"widget\" data-widget_type=\"heading.default\">\n\t\t\t\t<div class=\"elementor-widget-container\">\n\t\t\t\t\t<h1 class=\"elementor-heading-title elementor-size-default\">Comparaison des normes<\/h1>\t\t\t\t<\/div>\n\t\t\t\t<\/div>\n\t\t\t\t<\/div>\n\t\t\t\t\t<\/div>\n\t\t\t\t<\/div>\n\t\t\t\t<section class=\"elementor-section elementor-top-section elementor-element elementor-element-c1b05df elementor-section-full_width elementor-section-stretched elementor-section-height-default elementor-section-height-default wpr-particle-no wpr-jarallax-no wpr-parallax-no wpr-sticky-section-no\" data-id=\"c1b05df\" data-element_type=\"section\" data-e-type=\"section\" data-settings=\"{&quot;stretch_section&quot;:&quot;section-stretched&quot;}\">\n\t\t\t\t\t\t<div class=\"elementor-container elementor-column-gap-default\">\n\t\t\t\t\t<div class=\"elementor-column elementor-col-100 elementor-top-column elementor-element elementor-element-5073595\" data-id=\"5073595\" data-element_type=\"column\" data-e-type=\"column\">\n\t\t\t<div class=\"elementor-widget-wrap elementor-element-populated\">\n\t\t\t\t<div class=\"elementor-element elementor-element-9d8dfe4 e-con-full e-flex wpr-particle-no wpr-jarallax-no wpr-parallax-no wpr-sticky-section-no e-con e-child\" data-id=\"9d8dfe4\" data-element_type=\"container\" data-e-type=\"container\" data-settings=\"{&quot;background_background&quot;:&quot;classic&quot;}\">\n\t\t<div class=\"elementor-element elementor-element-0fdb0c5 e-con-full e-flex wpr-particle-no wpr-jarallax-no wpr-parallax-no wpr-sticky-section-no e-con e-child\" data-id=\"0fdb0c5\" data-element_type=\"container\" data-e-type=\"container\">\n\t\t\t\t<div class=\"elementor-element elementor-element-810f702 elementor-widget elementor-widget-image\" data-id=\"810f702\" data-element_type=\"widget\" data-e-type=\"widget\" data-widget_type=\"image.default\">\n\t\t\t\t<div class=\"elementor-widget-container\">\n\t\t\t\t\t\t\t\t\t\t\t\t\t\t\t<img fetchpriority=\"high\" decoding=\"async\" width=\"1024\" height=\"683\" src=\"https:\/\/guide.arucc.pccat.ca\/wp-content\/uploads\/2025\/01\/AdobeStock_181445166-1024x683.jpeg\" class=\"attachment-large size-large wp-image-1920\" alt=\"\" srcset=\"https:\/\/guide.arucc.pccat.ca\/wp-content\/uploads\/2025\/01\/AdobeStock_181445166-1024x683.jpeg 1024w, https:\/\/guide.arucc.pccat.ca\/wp-content\/uploads\/2025\/01\/AdobeStock_181445166-300x200.jpeg 300w, https:\/\/guide.arucc.pccat.ca\/wp-content\/uploads\/2025\/01\/AdobeStock_181445166-768x512.jpeg 768w, https:\/\/guide.arucc.pccat.ca\/wp-content\/uploads\/2025\/01\/AdobeStock_181445166-1536x1024.jpeg 1536w, https:\/\/guide.arucc.pccat.ca\/wp-content\/uploads\/2025\/01\/AdobeStock_181445166-2048x1365.jpeg 2048w, https:\/\/guide.arucc.pccat.ca\/wp-content\/uploads\/2025\/01\/AdobeStock_181445166-930x620.jpeg 930w\" sizes=\"(max-width: 1024px) 100vw, 1024px\" \/>\t\t\t\t\t\t\t\t\t\t\t\t\t\t\t<\/div>\n\t\t\t\t<\/div>\n\t\t\t\t<\/div>\n\t\t<div class=\"elementor-element elementor-element-13e9953 e-con-full e-flex wpr-particle-no wpr-jarallax-no wpr-parallax-no wpr-sticky-section-no e-con e-child\" data-id=\"13e9953\" data-element_type=\"container\" data-e-type=\"container\">\n\t\t\t\t<div class=\"elementor-element elementor-element-ba60457 elementor-widget elementor-widget-text-editor\" data-id=\"ba60457\" data-element_type=\"widget\" data-e-type=\"widget\" data-widget_type=\"text-editor.default\">\n\t\t\t\t<div class=\"elementor-widget-container\">\n\t\t\t\t\t\t\t\t\t<p>Comparer les nouvelles normes de relev\u00e9s de notes de l\u2019ARUCC et du CPCAT \u00e0 celles du Guide ARUCC du relev\u00e9s de notes de 2003 et de l\u2019<i>AACRAO Academic Record and Transcript Guide<\/i>\u00a0de 2011. Pour de plus amples renseignements, veuillez consulter les guides en question.\u00a0<\/p>\t\t\t\t\t\t\t\t<\/div>\n\t\t\t\t<\/div>\n\t\t\t\t<div class=\"elementor-element elementor-element-2e765c5 wpr-advanced-accordion-icon-side-box elementor-widget elementor-widget-wpr-advanced-accordion\" data-id=\"2e765c5\" data-element_type=\"widget\" data-e-type=\"widget\" data-settings=\"{&quot;active_item&quot;:1}\" data-widget_type=\"wpr-advanced-accordion.default\">\n\t\t\t\t<div class=\"elementor-widget-container\">\n\t\t\t\t\t\n            <div class=\"wpr-advanced-accordion\" data-accordion-type=\"accordion\" data-active-index=\"1\" data-accordion-trigger=\"click\" data-interaction-speed=\"0.4\">\n\n\t\t\t\n                \n\t\t\t\t\t<div class=\"wpr-accordion-item-wrap\">\n\t\t\t\t\t\t<button class=\"wpr-acc-button\">\n\t\t\t\t\t\t\t<span class=\"wpr-acc-item-title\">\n\t\t\t\t\t\t\t\t\t\t\t\t\t\t\t\t\t<div class=\"wpr-acc-icon-box\">\n\t\t\t\t\t\t\t\t\t\t\t\t\t\t<span class=\"wpr-title-icon\">\n\t\t\t\t\t<svg aria-hidden=\"true\" class=\"e-font-icon-svg e-fas-book-open\" viewBox=\"0 0 576 512\" xmlns=\"http:\/\/www.w3.org\/2000\/svg\"><path d=\"M542.22 32.05c-54.8 3.11-163.72 14.43-230.96 55.59-4.64 2.84-7.27 7.89-7.27 13.17v363.87c0 11.55 12.63 18.85 23.28 13.49 69.18-34.82 169.23-44.32 218.7-46.92 16.89-.89 30.02-14.43 30.02-30.66V62.75c.01-17.71-15.35-31.74-33.77-30.7zM264.73 87.64C197.5 46.48 88.58 35.17 33.78 32.05 15.36 31.01 0 45.04 0 62.75V400.6c0 16.24 13.13 29.78 30.02 30.66 49.49 2.6 149.59 12.11 218.77 46.95 10.62 5.35 23.21-1.94 23.21-13.46V100.63c0-5.29-2.62-10.14-7.27-12.99z\"><\/path><\/svg>\t\t\t\t<\/span>\n\t\t\t\t\t\t\t\t\t\t\t\t<\/div>\n\t\t\t\t\t\t\t\t\n\t\t\t\t\t\t\t\t<span class=\"wpr-acc-title-text\">Ressources<\/span>\n\t\t\t\t\t\t\t<\/span>\n\t\t\t\t\t\t\t\t\t\t\t<span class=\"wpr-toggle-icon wpr-ti-close\"><svg aria-hidden=\"true\" class=\"e-font-icon-svg e-fas-plus\" viewBox=\"0 0 448 512\" xmlns=\"http:\/\/www.w3.org\/2000\/svg\"><path d=\"M416 208H272V64c0-17.67-14.33-32-32-32h-32c-17.67 0-32 14.33-32 32v144H32c-17.67 0-32 14.33-32 32v32c0 17.67 14.33 32 32 32h144v144c0 17.67 14.33 32 32 32h32c17.67 0 32-14.33 32-32V304h144c17.67 0 32-14.33 32-32v-32c0-17.67-14.33-32-32-32z\"><\/path><\/svg><\/span>\n\t\t\t\t<span class=\"wpr-toggle-icon wpr-ti-open\"><svg aria-hidden=\"true\" class=\"e-font-icon-svg e-fas-minus\" viewBox=\"0 0 448 512\" xmlns=\"http:\/\/www.w3.org\/2000\/svg\"><path d=\"M416 208H32c-17.67 0-32 14.33-32 32v32c0 17.67 14.33 32 32 32h384c17.67 0 32-14.33 32-32v-32c0-17.67-14.33-32-32-32z\"><\/path><\/svg><\/span>\n\t\t\t\t\t\t\t\t\t<\/button>\n\n\t\t\t\t\t\t<div class=\"wpr-acc-panel\">\n\t\t\t\t\t\t\t\t\t\t\t\t\t\t\t<div class=\"wpr-acc-panel-content\"><ul><li><span style=\"text-decoration: underline;\"><a href=\"https:\/\/guide.arucc.pccat.ca\/wp-content\/uploads\/2025\/03\/transf.pdf\" target=\"_blank\" rel=\"noopener\">Guide ARUCC du relev\u00e9 de notes de 2003<\/a><\/span><\/li><li><a href=\"https:\/\/community.aacrao.org\/CPBase__item?id=a1H1V000008NJgaUAG\" target=\"_blank\" rel=\"noopener\"><span style=\"text-decoration: underline;\">l\u2019AACRAO Academic Record and Transcript Guide<\/span><\/a><\/li><\/ul><\/div>\n\t\t\t\t\t\t\t\t\t\t\t\t\t<\/div>\n                    <\/div>\n\n                            <\/div>\n        \t\t\t\t<\/div>\n\t\t\t\t<\/div>\n\t\t\t\t<\/div>\n\t\t\t\t<\/div>\n\t\t\t\t\t<\/div>\n\t\t<\/div>\n\t\t\t\t\t<\/div>\n\t\t<\/section>\n\t\t\t\t<section class=\"elementor-section elementor-top-section elementor-element elementor-element-3de2dd5 elementor-section-full_width elementor-section-stretched elementor-section-height-default elementor-section-height-default wpr-particle-no wpr-jarallax-no wpr-parallax-no wpr-sticky-section-no\" data-id=\"3de2dd5\" data-element_type=\"section\" data-e-type=\"section\" data-settings=\"{&quot;stretch_section&quot;:&quot;section-stretched&quot;,&quot;background_background&quot;:&quot;classic&quot;}\">\n\t\t\t\t\t\t<div class=\"elementor-container elementor-column-gap-default\">\n\t\t\t\t\t<div class=\"elementor-column elementor-col-100 elementor-top-column elementor-element elementor-element-be500eb\" data-id=\"be500eb\" data-element_type=\"column\" data-e-type=\"column\">\n\t\t\t<div class=\"elementor-widget-wrap elementor-element-populated\">\n\t\t\t\t\t\t<div class=\"elementor-element elementor-element-3ee91db elementor-widget__width-initial elementor-widget elementor-widget-html\" data-id=\"3ee91db\" data-element_type=\"widget\" data-e-type=\"widget\" data-widget_type=\"html.default\">\n\t\t\t\t<div class=\"elementor-widget-container\">\n\t\t\t\t\t<script type=\"text\/javascript\" src=\"https:\/\/c1eku148.caspio.com\/dp\/D762400096e5de1cea5d4ffeb8b0\/emb\"><\/script>\t\t\t\t<\/div>\n\t\t\t\t<\/div>\n\t\t\t\t<div class=\"elementor-element elementor-element-d24f6b7 elementor-widget elementor-widget-heading\" data-id=\"d24f6b7\" data-element_type=\"widget\" data-e-type=\"widget\" data-widget_type=\"heading.default\">\n\t\t\t\t<div class=\"elementor-widget-container\">\n\t\t\t\t\t<h2 class=\"elementor-heading-title elementor-size-default\">Formulaire de recherche : Normes de relev\u00e9s de notes<\/h2>\t\t\t\t<\/div>\n\t\t\t\t<\/div>\n\t\t\t\t<div class=\"elementor-element elementor-element-4885cd1 elementor-widget elementor-widget-text-editor\" data-id=\"4885cd1\" data-element_type=\"widget\" data-e-type=\"widget\" data-widget_type=\"text-editor.default\">\n\t\t\t\t<div class=\"elementor-widget-container\">\n\t\t\t\t\t\t\t\t\t<ul><li>Recherchez et comparez les normes actuelles aux normes pass\u00e9es de l\u2019ARUCC et de l\u2019AACRAO.<\/li><li>Les r\u00e9sultats incluront du contenu qui correspond \u00e0 <strong>n\u2019importe lequel<\/strong> des champs de recherche saisis. Par exemple, si vous effectuez une recherche \u00ab par \u00e9l\u00e9ment de donn\u00e9es de relev\u00e9 de notes, par cat\u00e9gorie, par norme de publication ET par lettre de l\u2019alphabet \u00bb vous obtiendrez des r\u00e9sultats qui correspondent soit \u00e0 l\u2019\u00e9l\u00e9ment de donn\u00e9es, soit \u00e0 la cat\u00e9gorie, soit \u00e0 la norme de publication, soit \u00e0 la lettre initiale.<\/li><li>Pour des r\u00e9sultats optimaux au moment d&rsquo;effectuer la recherche, il est conseill\u00e9 d&rsquo;utiliser les navigateurs sp\u00e9cifiques : Google Chrome 15 ou version ult\u00e9rieure, Internet Explorer 9 ou version ult\u00e9rieure, Firefox 10 ou version ult\u00e9rieure, ou Safari 5.1 ou version ult\u00e9rieure.<\/li><li style=\"list-style-type: none;\">\u00a0<\/li><\/ul>\t\t\t\t\t\t\t\t<\/div>\n\t\t\t\t<\/div>\n\t\t\t\t\t<\/div>\n\t\t<\/div>\n\t\t\t\t\t<\/div>\n\t\t<\/section>\n\t\t\t\t<\/div>\n\t\t","protected":false},"excerpt":{"rendered":"<p>Comparaison des normes Comparer les nouvelles normes de relev\u00e9s de notes de l\u2019ARUCC et du CPCAT \u00e0 celles du Guide ARUCC du relev\u00e9s de notes de 2003 et de l\u2019AACRAO Academic Record and Transcript Guide\u00a0de 2011. Pour de plus amples renseignements, veuillez consulter les guides en question.\u00a0 Ressources Guide ARUCC du relev\u00e9 de notes de 2003 l\u2019AACRAO Academic Record and Transcript Guide Formulaire de recherche : Normes de relev\u00e9s de notes Recherchez et comparez les normes actuelles aux normes pass\u00e9es de l\u2019ARUCC et de l\u2019AACRAO. Les r\u00e9sultats incluront du contenu qui correspond \u00e0 n\u2019importe lequel des champs de recherche saisis. Par exemple, si vous effectuez une recherche \u00ab par \u00e9l\u00e9ment de donn\u00e9es de relev\u00e9 de notes, par cat\u00e9gorie, par norme de publication ET par lettre de l\u2019alphabet \u00bb vous obtiendrez des r\u00e9sultats qui correspondent soit \u00e0 l\u2019\u00e9l\u00e9ment de donn\u00e9es, soit \u00e0 la cat\u00e9gorie, soit \u00e0 la norme de publication, soit \u00e0 la lettre initiale. Pour des r\u00e9sultats optimaux au moment d&rsquo;effectuer la recherche, il est conseill\u00e9 d&rsquo;utiliser les navigateurs sp\u00e9cifiques : Google Chrome 15 ou version ult\u00e9rieure, Internet Explorer 9 ou version ult\u00e9rieure, Firefox 10 ou version ult\u00e9rieure, ou Safari 5.1 ou version ult\u00e9rieure. \u00a0<\/p>\n","protected":false},"author":9,"featured_media":0,"parent":0,"menu_order":0,"comment_status":"closed","ping_status":"closed","template":"page-templates\/template-pagebuilder-full-width.php","meta":{"neve_meta_sidebar":"","neve_meta_container":"","neve_meta_enable_content_width":"","neve_meta_content_width":0,"neve_meta_title_alignment":"","neve_meta_author_avatar":"","neve_post_elements_order":"","neve_meta_disable_header":"","neve_meta_disable_footer":"","neve_meta_disable_title":"","footnotes":""},"class_list":["post-2003","page","type-page","status-publish","hentry"],"yoast_head":"<!-- This site is optimized with the Yoast SEO plugin v27.1.1 - https:\/\/yoast.com\/product\/yoast-seo-wordpress\/ -->\n<title>Comparaison des normes - ARUCC - PCCAT | Transcript &amp; Transfer Guide<\/title>\n<meta name=\"robots\" content=\"index, follow, max-snippet:-1, max-image-preview:large, max-video-preview:-1\" \/>\n<link rel=\"canonical\" href=\"https:\/\/guide.arucc.pccat.ca\/fr\/comparaison-des-normes\/\" \/>\n<meta property=\"og:locale\" content=\"fr_FR\" \/>\n<meta property=\"og:type\" content=\"article\" \/>\n<meta property=\"og:title\" content=\"Comparaison des normes - ARUCC - PCCAT | Transcript &amp; Transfer Guide\" \/>\n<meta property=\"og:description\" content=\"Comparaison des normes Comparer les nouvelles normes de relev\u00e9s de notes de l\u2019ARUCC et du CPCAT \u00e0 celles du Guide ARUCC du relev\u00e9s de notes de 2003 et de l\u2019AACRAO Academic Record and Transcript Guide\u00a0de 2011. Pour de plus amples renseignements, veuillez consulter les guides en question.\u00a0 Ressources Guide ARUCC du relev\u00e9 de notes de 2003 l\u2019AACRAO Academic Record and Transcript Guide Formulaire de recherche : Normes de relev\u00e9s de notes Recherchez et comparez les normes actuelles aux normes pass\u00e9es de l\u2019ARUCC et de l\u2019AACRAO. Les r\u00e9sultats incluront du contenu qui correspond \u00e0 n\u2019importe lequel des champs de recherche saisis. Par exemple, si vous effectuez une recherche \u00ab par \u00e9l\u00e9ment de donn\u00e9es de relev\u00e9 de notes, par cat\u00e9gorie, par norme de publication ET par lettre de l\u2019alphabet \u00bb vous obtiendrez des r\u00e9sultats qui correspondent soit \u00e0 l\u2019\u00e9l\u00e9ment de donn\u00e9es, soit \u00e0 la cat\u00e9gorie, soit \u00e0 la norme de publication, soit \u00e0 la lettre initiale. Pour des r\u00e9sultats optimaux au moment d&rsquo;effectuer la recherche, il est conseill\u00e9 d&rsquo;utiliser les navigateurs sp\u00e9cifiques : Google Chrome 15 ou version ult\u00e9rieure, Internet Explorer 9 ou version ult\u00e9rieure, Firefox 10 ou version ult\u00e9rieure, ou Safari 5.1 ou version ult\u00e9rieure. \u00a0\" \/>\n<meta property=\"og:url\" content=\"https:\/\/guide.arucc.pccat.ca\/fr\/comparaison-des-normes\/\" \/>\n<meta property=\"og:site_name\" content=\"ARUCC - PCCAT | Transcript &amp; Transfer Guide\" \/>\n<meta property=\"article:modified_time\" content=\"2025-04-10T19:17:22+00:00\" \/>\n<meta property=\"og:image\" content=\"https:\/\/guide.arucc.pccat.ca\/wp-content\/uploads\/2025\/01\/AdobeStock_181445166-scaled.jpeg\" \/>\n\t<meta property=\"og:image:width\" content=\"2560\" \/>\n\t<meta property=\"og:image:height\" content=\"1707\" \/>\n\t<meta property=\"og:image:type\" content=\"image\/jpeg\" \/>\n<meta name=\"twitter:card\" content=\"summary_large_image\" \/>\n<meta name=\"twitter:label1\" content=\"Dur\u00e9e de lecture estim\u00e9e\" \/>\n\t<meta name=\"twitter:data1\" content=\"2 minutes\" \/>\n<script type=\"application\/ld+json\" class=\"yoast-schema-graph\">{\"@context\":\"https:\/\/schema.org\",\"@graph\":[{\"@type\":\"WebPage\",\"@id\":\"https:\/\/guide.arucc.pccat.ca\/fr\/comparaison-des-normes\/\",\"url\":\"https:\/\/guide.arucc.pccat.ca\/fr\/comparaison-des-normes\/\",\"name\":\"Comparaison des normes - ARUCC - PCCAT | Transcript &amp; Transfer Guide\",\"isPartOf\":{\"@id\":\"https:\/\/guide.arucc.pccat.ca\/fr\/#website\"},\"primaryImageOfPage\":{\"@id\":\"https:\/\/guide.arucc.pccat.ca\/fr\/comparaison-des-normes\/#primaryimage\"},\"image\":{\"@id\":\"https:\/\/guide.arucc.pccat.ca\/fr\/comparaison-des-normes\/#primaryimage\"},\"thumbnailUrl\":\"https:\/\/guide.arucc.pccat.ca\/wp-content\/uploads\/2025\/01\/AdobeStock_181445166-1024x683.jpeg\",\"datePublished\":\"2025-02-13T21:23:21+00:00\",\"dateModified\":\"2025-04-10T19:17:22+00:00\",\"breadcrumb\":{\"@id\":\"https:\/\/guide.arucc.pccat.ca\/fr\/comparaison-des-normes\/#breadcrumb\"},\"inLanguage\":\"fr-FR\",\"potentialAction\":[{\"@type\":\"ReadAction\",\"target\":[\"https:\/\/guide.arucc.pccat.ca\/fr\/comparaison-des-normes\/\"]}]},{\"@type\":\"ImageObject\",\"inLanguage\":\"fr-FR\",\"@id\":\"https:\/\/guide.arucc.pccat.ca\/fr\/comparaison-des-normes\/#primaryimage\",\"url\":\"https:\/\/guide.arucc.pccat.ca\/wp-content\/uploads\/2025\/01\/AdobeStock_181445166-1024x683.jpeg\",\"contentUrl\":\"https:\/\/guide.arucc.pccat.ca\/wp-content\/uploads\/2025\/01\/AdobeStock_181445166-1024x683.jpeg\"},{\"@type\":\"BreadcrumbList\",\"@id\":\"https:\/\/guide.arucc.pccat.ca\/fr\/comparaison-des-normes\/#breadcrumb\",\"itemListElement\":[{\"@type\":\"ListItem\",\"position\":1,\"name\":\"Home\",\"item\":\"https:\/\/guide.arucc.pccat.ca\/fr\/\"},{\"@type\":\"ListItem\",\"position\":2,\"name\":\"Comparaison des normes\"}]},{\"@type\":\"WebSite\",\"@id\":\"https:\/\/guide.arucc.pccat.ca\/fr\/#website\",\"url\":\"https:\/\/guide.arucc.pccat.ca\/fr\/\",\"name\":\"ARUCC - PCCAT | Transcript &amp; Transfer Guide\",\"description\":\"\",\"potentialAction\":[{\"@type\":\"SearchAction\",\"target\":{\"@type\":\"EntryPoint\",\"urlTemplate\":\"https:\/\/guide.arucc.pccat.ca\/fr\/?s={search_term_string}\"},\"query-input\":{\"@type\":\"PropertyValueSpecification\",\"valueRequired\":true,\"valueName\":\"search_term_string\"}}],\"inLanguage\":\"fr-FR\"}]}<\/script>\n<!-- \/ Yoast SEO plugin. -->","yoast_head_json":{"title":"Comparaison des normes - ARUCC - PCCAT | Transcript &amp; Transfer Guide","robots":{"index":"index","follow":"follow","max-snippet":"max-snippet:-1","max-image-preview":"max-image-preview:large","max-video-preview":"max-video-preview:-1"},"canonical":"https:\/\/guide.arucc.pccat.ca\/fr\/comparaison-des-normes\/","og_locale":"fr_FR","og_type":"article","og_title":"Comparaison des normes - ARUCC - PCCAT | Transcript &amp; Transfer Guide","og_description":"Comparaison des normes Comparer les nouvelles normes de relev\u00e9s de notes de l\u2019ARUCC et du CPCAT \u00e0 celles du Guide ARUCC du relev\u00e9s de notes de 2003 et de l\u2019AACRAO Academic Record and Transcript Guide\u00a0de 2011. Pour de plus amples renseignements, veuillez consulter les guides en question.\u00a0 Ressources Guide ARUCC du relev\u00e9 de notes de 2003 l\u2019AACRAO Academic Record and Transcript Guide Formulaire de recherche : Normes de relev\u00e9s de notes Recherchez et comparez les normes actuelles aux normes pass\u00e9es de l\u2019ARUCC et de l\u2019AACRAO. Les r\u00e9sultats incluront du contenu qui correspond \u00e0 n\u2019importe lequel des champs de recherche saisis. Par exemple, si vous effectuez une recherche \u00ab par \u00e9l\u00e9ment de donn\u00e9es de relev\u00e9 de notes, par cat\u00e9gorie, par norme de publication ET par lettre de l\u2019alphabet \u00bb vous obtiendrez des r\u00e9sultats qui correspondent soit \u00e0 l\u2019\u00e9l\u00e9ment de donn\u00e9es, soit \u00e0 la cat\u00e9gorie, soit \u00e0 la norme de publication, soit \u00e0 la lettre initiale. Pour des r\u00e9sultats optimaux au moment d&rsquo;effectuer la recherche, il est conseill\u00e9 d&rsquo;utiliser les navigateurs sp\u00e9cifiques : Google Chrome 15 ou version ult\u00e9rieure, Internet Explorer 9 ou version ult\u00e9rieure, Firefox 10 ou version ult\u00e9rieure, ou Safari 5.1 ou version ult\u00e9rieure. \u00a0","og_url":"https:\/\/guide.arucc.pccat.ca\/fr\/comparaison-des-normes\/","og_site_name":"ARUCC - PCCAT | Transcript &amp; Transfer Guide","article_modified_time":"2025-04-10T19:17:22+00:00","og_image":[{"width":2560,"height":1707,"url":"https:\/\/guide.arucc.pccat.ca\/wp-content\/uploads\/2025\/01\/AdobeStock_181445166-scaled.jpeg","type":"image\/jpeg"}],"twitter_card":"summary_large_image","twitter_misc":{"Dur\u00e9e de lecture estim\u00e9e":"2 minutes"},"schema":{"@context":"https:\/\/schema.org","@graph":[{"@type":"WebPage","@id":"https:\/\/guide.arucc.pccat.ca\/fr\/comparaison-des-normes\/","url":"https:\/\/guide.arucc.pccat.ca\/fr\/comparaison-des-normes\/","name":"Comparaison des normes - ARUCC - PCCAT | Transcript &amp; Transfer Guide","isPartOf":{"@id":"https:\/\/guide.arucc.pccat.ca\/fr\/#website"},"primaryImageOfPage":{"@id":"https:\/\/guide.arucc.pccat.ca\/fr\/comparaison-des-normes\/#primaryimage"},"image":{"@id":"https:\/\/guide.arucc.pccat.ca\/fr\/comparaison-des-normes\/#primaryimage"},"thumbnailUrl":"https:\/\/guide.arucc.pccat.ca\/wp-content\/uploads\/2025\/01\/AdobeStock_181445166-1024x683.jpeg","datePublished":"2025-02-13T21:23:21+00:00","dateModified":"2025-04-10T19:17:22+00:00","breadcrumb":{"@id":"https:\/\/guide.arucc.pccat.ca\/fr\/comparaison-des-normes\/#breadcrumb"},"inLanguage":"fr-FR","potentialAction":[{"@type":"ReadAction","target":["https:\/\/guide.arucc.pccat.ca\/fr\/comparaison-des-normes\/"]}]},{"@type":"ImageObject","inLanguage":"fr-FR","@id":"https:\/\/guide.arucc.pccat.ca\/fr\/comparaison-des-normes\/#primaryimage","url":"https:\/\/guide.arucc.pccat.ca\/wp-content\/uploads\/2025\/01\/AdobeStock_181445166-1024x683.jpeg","contentUrl":"https:\/\/guide.arucc.pccat.ca\/wp-content\/uploads\/2025\/01\/AdobeStock_181445166-1024x683.jpeg"},{"@type":"BreadcrumbList","@id":"https:\/\/guide.arucc.pccat.ca\/fr\/comparaison-des-normes\/#breadcrumb","itemListElement":[{"@type":"ListItem","position":1,"name":"Home","item":"https:\/\/guide.arucc.pccat.ca\/fr\/"},{"@type":"ListItem","position":2,"name":"Comparaison des normes"}]},{"@type":"WebSite","@id":"https:\/\/guide.arucc.pccat.ca\/fr\/#website","url":"https:\/\/guide.arucc.pccat.ca\/fr\/","name":"ARUCC - PCCAT | Transcript &amp; Transfer Guide","description":"","potentialAction":[{"@type":"SearchAction","target":{"@type":"EntryPoint","urlTemplate":"https:\/\/guide.arucc.pccat.ca\/fr\/?s={search_term_string}"},"query-input":{"@type":"PropertyValueSpecification","valueRequired":true,"valueName":"search_term_string"}}],"inLanguage":"fr-FR"}]}},"_links":{"self":[{"href":"https:\/\/guide.arucc.pccat.ca\/fr\/wp-json\/wp\/v2\/pages\/2003","targetHints":{"allow":["GET"]}}],"collection":[{"href":"https:\/\/guide.arucc.pccat.ca\/fr\/wp-json\/wp\/v2\/pages"}],"about":[{"href":"https:\/\/guide.arucc.pccat.ca\/fr\/wp-json\/wp\/v2\/types\/page"}],"author":[{"embeddable":true,"href":"https:\/\/guide.arucc.pccat.ca\/fr\/wp-json\/wp\/v2\/users\/9"}],"replies":[{"embeddable":true,"href":"https:\/\/guide.arucc.pccat.ca\/fr\/wp-json\/wp\/v2\/comments?post=2003"}],"version-history":[{"count":51,"href":"https:\/\/guide.arucc.pccat.ca\/fr\/wp-json\/wp\/v2\/pages\/2003\/revisions"}],"predecessor-version":[{"id":2649,"href":"https:\/\/guide.arucc.pccat.ca\/fr\/wp-json\/wp\/v2\/pages\/2003\/revisions\/2649"}],"wp:attachment":[{"href":"https:\/\/guide.arucc.pccat.ca\/fr\/wp-json\/wp\/v2\/media?parent=2003"}],"curies":[{"name":"wp","href":"https:\/\/api.w.org\/{rel}","templated":true}]}}