{"id":1952,"date":"2020-01-27T08:15:05","date_gmt":"2020-01-27T15:15:05","guid":{"rendered":"https:\/\/guide.arucc.pccat.ca\/feedback\/"},"modified":"2025-04-14T16:22:43","modified_gmt":"2025-04-14T22:22:43","slug":"retroaction","status":"publish","type":"page","link":"https:\/\/guide.arucc.pccat.ca\/fr\/retroaction\/","title":{"rendered":"R\u00e9troaction\u200b"},"content":{"rendered":"\t\t<div data-elementor-type=\"wp-page\" data-elementor-id=\"1952\" class=\"elementor elementor-1952 elementor-71\" data-elementor-post-type=\"page\">\n\t\t\t\t<div class=\"elementor-element elementor-element-444df37 e-flex e-con-boxed wpr-particle-no wpr-jarallax-no wpr-parallax-no wpr-sticky-section-no e-con e-parent\" data-id=\"444df37\" data-element_type=\"container\" data-e-type=\"container\">\n\t\t\t\t\t<div class=\"e-con-inner\">\n\t\t\t\t<div class=\"elementor-element elementor-element-6564829 elementor-widget elementor-widget-heading\" data-id=\"6564829\" data-element_type=\"widget\" data-e-type=\"widget\" data-widget_type=\"heading.default\">\n\t\t\t\t<div class=\"elementor-widget-container\">\n\t\t\t\t\t<h1 class=\"elementor-heading-title elementor-size-default\">R\u00e9troaction<\/h1>\t\t\t\t<\/div>\n\t\t\t\t<\/div>\n\t\t\t\t\t<\/div>\n\t\t\t\t<\/div>\n\t\t<div class=\"elementor-element elementor-element-88ba307 e-flex e-con-boxed wpr-particle-no wpr-jarallax-no wpr-parallax-no wpr-sticky-section-no e-con e-parent\" data-id=\"88ba307\" data-element_type=\"container\" data-e-type=\"container\">\n\t\t\t\t\t<div class=\"e-con-inner\">\n\t\t\t\t<div class=\"elementor-element elementor-element-5b829e8 elementor-widget elementor-widget-heading\" data-id=\"5b829e8\" data-element_type=\"widget\" data-e-type=\"widget\" data-widget_type=\"heading.default\">\n\t\t\t\t<div class=\"elementor-widget-container\">\n\t\t\t\t\t<h2 class=\"elementor-heading-title elementor-size-default\">Formulaire de r\u00e9troaction<\/h2>\t\t\t\t<\/div>\n\t\t\t\t<\/div>\n\t\t\t\t\t<\/div>\n\t\t\t\t<\/div>\n\t\t<div class=\"elementor-element elementor-element-d4bb159 e-flex e-con-boxed wpr-particle-no wpr-jarallax-no wpr-parallax-no wpr-sticky-section-no e-con e-parent\" data-id=\"d4bb159\" data-element_type=\"container\" data-e-type=\"container\">\n\t\t\t\t\t<div class=\"e-con-inner\">\n\t\t\t\t<div class=\"elementor-element elementor-element-781ad47 elementor-widget elementor-widget-text-editor\" data-id=\"781ad47\" data-element_type=\"widget\" data-e-type=\"widget\" data-widget_type=\"text-editor.default\">\n\t\t\t\t<div class=\"elementor-widget-container\">\n\t\t\t\t\t\t\t\t\t<p>Le Guide se veut une ressource vivante. Si vous travaillez actuellement \u00e0 l\u2019\u00e9laboration d\u2019une norme de relev\u00e9s de notes ou d\u2019un cadre de nomenclature de transferts de cr\u00e9dits sp\u00e9cifique \u00e0 votre \u00e9tablissement, et que vous recherchez des conseils ou souhaitez sugg\u00e9rer des am\u00e9liorations, veuillez s.v.p. remplir le formulaire de r\u00e9troaction ci-dessous. Vos commentaires seront achemin\u00e9s directement \u00e0 la pr\u00e9sidence du groupe de travail sur le Guide de l\u2019ARUCC et du CPCAT, lequel est compos\u00e9 de b\u00e9n\u00e9voles des services de registrariat et des parcours \u00e9tudiants. Ces personnes passeront en revue vos commentaires, apporteront des modifications au Guide, le cas \u00e9ch\u00e9ant, et communiqueront avec vous aux fins de suivi.<\/p>\t\t\t\t\t\t\t\t<\/div>\n\t\t\t\t<\/div>\n\t\t\t\t\t<\/div>\n\t\t\t\t<\/div>\n\t\t<div class=\"elementor-element elementor-element-85440d9 e-flex e-con-boxed wpr-particle-no wpr-jarallax-no wpr-parallax-no wpr-sticky-section-no e-con e-parent\" data-id=\"85440d9\" data-element_type=\"container\" data-e-type=\"container\">\n\t\t\t\t\t<div class=\"e-con-inner\">\n\t\t\t\t<div class=\"elementor-element elementor-element-307760d elementor-widget elementor-widget-html\" data-id=\"307760d\" data-element_type=\"widget\" data-e-type=\"widget\" data-widget_type=\"html.default\">\n\t\t\t\t<div class=\"elementor-widget-container\">\n\t\t\t\t\t<script type=\"text\/javascript\" src=\"https:\/\/c1eku148.caspio.com\/dp\/d76240001ead3726f71a4110977e\/emb\"><\/script>\t\t\t\t<\/div>\n\t\t\t\t<\/div>\n\t\t\t\t\t<\/div>\n\t\t\t\t<\/div>\n\t\t\t\t<section class=\"elementor-section elementor-top-section elementor-element elementor-element-c22c9cd elementor-section-full_width elementor-section-stretched elementor-section-height-default elementor-section-height-default wpr-particle-no wpr-jarallax-no wpr-parallax-no wpr-sticky-section-no\" data-id=\"c22c9cd\" data-element_type=\"section\" data-e-type=\"section\" data-settings=\"{&quot;stretch_section&quot;:&quot;section-stretched&quot;,&quot;background_background&quot;:&quot;classic&quot;}\">\n\t\t\t\t\t\t<div class=\"elementor-container elementor-column-gap-default\">\n\t\t\t\t\t<div class=\"elementor-column elementor-col-100 elementor-top-column elementor-element elementor-element-e30707e\" data-id=\"e30707e\" data-element_type=\"column\" data-e-type=\"column\" data-settings=\"{&quot;background_background&quot;:&quot;classic&quot;}\">\n\t\t\t<div class=\"elementor-widget-wrap elementor-element-populated\">\n\t\t\t\t<div class=\"elementor-element elementor-element-4ed400f e-flex e-con-boxed wpr-particle-no wpr-jarallax-no wpr-parallax-no wpr-sticky-section-no e-con e-parent\" data-id=\"4ed400f\" data-element_type=\"container\" data-e-type=\"container\" data-settings=\"{&quot;background_background&quot;:&quot;classic&quot;}\">\n\t\t\t\t\t<div class=\"e-con-inner\">\n\t\t<div class=\"elementor-element elementor-element-2f715db e-con-full e-flex wpr-particle-no wpr-jarallax-no wpr-parallax-no wpr-sticky-section-no e-con e-child\" data-id=\"2f715db\" data-element_type=\"container\" data-e-type=\"container\">\n\t\t\t\t<div class=\"elementor-element elementor-element-bd65fbb elementor-widget elementor-widget-heading\" data-id=\"bd65fbb\" data-element_type=\"widget\" data-e-type=\"widget\" data-widget_type=\"heading.default\">\n\t\t\t\t<div class=\"elementor-widget-container\">\n\t\t\t\t\t<h2 class=\"elementor-heading-title elementor-size-default\">Mandat<\/h2>\t\t\t\t<\/div>\n\t\t\t\t<\/div>\n\t\t<div class=\"elementor-element elementor-element-044fdd2 e-con-full e-grid wpr-particle-no wpr-jarallax-no wpr-parallax-no wpr-sticky-section-no e-con e-child\" data-id=\"044fdd2\" data-element_type=\"container\" data-e-type=\"container\">\n\t\t\t\t<div class=\"elementor-element elementor-element-5c7565c elementor-widget elementor-widget-text-editor\" data-id=\"5c7565c\" data-element_type=\"widget\" data-e-type=\"widget\" data-widget_type=\"text-editor.default\">\n\t\t\t\t<div class=\"elementor-widget-container\">\n\t\t\t\t\t\t\t\t\t<p><span class=\"wf_file_text\">Groupe de travail sur le Guide de l\u2019ARUCC et du CPCAT<\/span><\/p>\t\t\t\t\t\t\t\t<\/div>\n\t\t\t\t<\/div>\n\t\t\t\t<div class=\"elementor-element elementor-element-1ce46e8 elementor-widget elementor-widget-button\" data-id=\"1ce46e8\" data-element_type=\"widget\" data-e-type=\"widget\" data-widget_type=\"button.default\">\n\t\t\t\t<div class=\"elementor-widget-container\">\n\t\t\t\t\t\t\t\t\t<div class=\"elementor-button-wrapper\">\n\t\t\t\t\t<a class=\"elementor-button elementor-button-link elementor-size-sm\" href=\"https:\/\/guide.arucc.pccat.ca\/wp-content\/uploads\/2025\/03\/Guide_Working_Group_Terms_of_Reference_-_FINAL_-_Fr.pdf\" target=\"_blank\">\n\t\t\t\t\t\t<span class=\"elementor-button-content-wrapper\">\n\t\t\t\t\t\t\t\t\t<span class=\"elementor-button-text\">Mandat<\/span>\n\t\t\t\t\t<\/span>\n\t\t\t\t\t<\/a>\n\t\t\t\t<\/div>\n\t\t\t\t\t\t\t\t<\/div>\n\t\t\t\t<\/div>\n\t\t\t\t<div class=\"elementor-element elementor-element-6c95005 elementor-widget elementor-widget-text-editor\" data-id=\"6c95005\" data-element_type=\"widget\" data-e-type=\"widget\" data-widget_type=\"text-editor.default\">\n\t\t\t\t<div class=\"elementor-widget-container\">\n\t\t\t\t\t\t\t\t\t<p>Principes appuyant le Guide\u00a0disponibles en ligne.<\/p>\t\t\t\t\t\t\t\t<\/div>\n\t\t\t\t<\/div>\n\t\t\t\t<div class=\"elementor-element elementor-element-d33d9b4 elementor-widget elementor-widget-button\" data-id=\"d33d9b4\" data-element_type=\"widget\" data-e-type=\"widget\" data-widget_type=\"button.default\">\n\t\t\t\t<div class=\"elementor-widget-container\">\n\t\t\t\t\t\t\t\t\t<div class=\"elementor-button-wrapper\">\n\t\t\t\t\t<a class=\"elementor-button elementor-button-link elementor-size-sm\" href=\"https:\/\/guide.arucc.pccat.ca\/wp-content\/uploads\/2025\/03\/Principles_les_principes_final_-_Fr.pdf\" target=\"_blank\">\n\t\t\t\t\t\t<span class=\"elementor-button-content-wrapper\">\n\t\t\t\t\t\t\t\t\t<span class=\"elementor-button-text\">Cliquer ici<\/span>\n\t\t\t\t\t<\/span>\n\t\t\t\t\t<\/a>\n\t\t\t\t<\/div>\n\t\t\t\t\t\t\t\t<\/div>\n\t\t\t\t<\/div>\n\t\t\t\t<\/div>\n\t\t\t\t<\/div>\n\t\t<div class=\"elementor-element elementor-element-c3472ef e-con-full e-flex wpr-particle-no wpr-jarallax-no wpr-parallax-no wpr-sticky-section-no e-con e-child\" data-id=\"c3472ef\" data-element_type=\"container\" data-e-type=\"container\">\n\t\t\t\t<div class=\"elementor-element elementor-element-a608d36 elementor-widget elementor-widget-image\" data-id=\"a608d36\" data-element_type=\"widget\" data-e-type=\"widget\" data-widget_type=\"image.default\">\n\t\t\t\t<div class=\"elementor-widget-container\">\n\t\t\t\t\t\t\t\t\t\t\t\t\t\t\t<img fetchpriority=\"high\" decoding=\"async\" width=\"600\" height=\"600\" src=\"https:\/\/guide.arucc.pccat.ca\/wp-content\/uploads\/2024\/05\/neve-marketing-agency-18.png\" class=\"attachment-large size-large wp-image-1865\" alt=\"\" srcset=\"https:\/\/guide.arucc.pccat.ca\/wp-content\/uploads\/2024\/05\/neve-marketing-agency-18.png 600w, https:\/\/guide.arucc.pccat.ca\/wp-content\/uploads\/2024\/05\/neve-marketing-agency-18-300x300.png 300w, https:\/\/guide.arucc.pccat.ca\/wp-content\/uploads\/2024\/05\/neve-marketing-agency-18-150x150.png 150w\" sizes=\"(max-width: 600px) 100vw, 600px\" \/>\t\t\t\t\t\t\t\t\t\t\t\t\t\t\t<\/div>\n\t\t\t\t<\/div>\n\t\t\t\t<\/div>\n\t\t\t\t\t<\/div>\n\t\t\t\t<\/div>\n\t\t\t\t\t<\/div>\n\t\t<\/div>\n\t\t\t\t\t<\/div>\n\t\t<\/section>\n\t\t\t\t<\/div>\n\t\t","protected":false},"excerpt":{"rendered":"<p>R\u00e9troaction Formulaire de r\u00e9troaction Le Guide se veut une ressource vivante. Si vous travaillez actuellement \u00e0 l\u2019\u00e9laboration d\u2019une norme de relev\u00e9s de notes ou d\u2019un cadre de nomenclature de transferts de cr\u00e9dits sp\u00e9cifique \u00e0 votre \u00e9tablissement, et que vous recherchez des conseils ou souhaitez sugg\u00e9rer des am\u00e9liorations, veuillez s.v.p. remplir le formulaire de r\u00e9troaction ci-dessous. Vos commentaires seront achemin\u00e9s directement \u00e0 la pr\u00e9sidence du groupe de travail sur le Guide de l\u2019ARUCC et du CPCAT, lequel est compos\u00e9 de b\u00e9n\u00e9voles des services de registrariat et des parcours \u00e9tudiants. Ces personnes passeront en revue vos commentaires, apporteront des modifications au Guide, le cas \u00e9ch\u00e9ant, et communiqueront avec vous aux fins de suivi. Mandat Groupe de travail sur le Guide de l\u2019ARUCC et du CPCAT Mandat Principes appuyant le Guide\u00a0disponibles en ligne. Cliquer ici<\/p>\n","protected":false},"author":9,"featured_media":0,"parent":0,"menu_order":0,"comment_status":"closed","ping_status":"closed","template":"","meta":{"neve_meta_sidebar":"default","neve_meta_container":"","neve_meta_enable_content_width":"on","neve_meta_content_width":100,"neve_meta_title_alignment":"","neve_meta_author_avatar":"","neve_post_elements_order":"","neve_meta_disable_header":"","neve_meta_disable_footer":"","neve_meta_disable_title":"on","footnotes":""},"class_list":["post-1952","page","type-page","status-publish","hentry"],"yoast_head":"<!-- This site is optimized with the Yoast SEO plugin v27.1.1 - https:\/\/yoast.com\/product\/yoast-seo-wordpress\/ -->\n<title>R\u00e9troaction\u200b - ARUCC - PCCAT | Transcript &amp; Transfer Guide<\/title>\n<meta name=\"robots\" content=\"index, follow, max-snippet:-1, max-image-preview:large, max-video-preview:-1\" \/>\n<link rel=\"canonical\" href=\"https:\/\/guide.arucc.pccat.ca\/en\/feedback\/\" \/>\n<meta property=\"og:locale\" content=\"fr_FR\" \/>\n<meta property=\"og:type\" content=\"article\" \/>\n<meta property=\"og:title\" content=\"R\u00e9troaction\u200b - ARUCC - PCCAT | Transcript &amp; Transfer Guide\" \/>\n<meta property=\"og:description\" content=\"R\u00e9troaction Formulaire de r\u00e9troaction Le Guide se veut une ressource vivante. Si vous travaillez actuellement \u00e0 l\u2019\u00e9laboration d\u2019une norme de relev\u00e9s de notes ou d\u2019un cadre de nomenclature de transferts de cr\u00e9dits sp\u00e9cifique \u00e0 votre \u00e9tablissement, et que vous recherchez des conseils ou souhaitez sugg\u00e9rer des am\u00e9liorations, veuillez s.v.p. remplir le formulaire de r\u00e9troaction ci-dessous. Vos commentaires seront achemin\u00e9s directement \u00e0 la pr\u00e9sidence du groupe de travail sur le Guide de l\u2019ARUCC et du CPCAT, lequel est compos\u00e9 de b\u00e9n\u00e9voles des services de registrariat et des parcours \u00e9tudiants. Ces personnes passeront en revue vos commentaires, apporteront des modifications au Guide, le cas \u00e9ch\u00e9ant, et communiqueront avec vous aux fins de suivi. Mandat Groupe de travail sur le Guide de l\u2019ARUCC et du CPCAT Mandat Principes appuyant le Guide\u00a0disponibles en ligne. Cliquer ici\" \/>\n<meta property=\"og:url\" content=\"https:\/\/guide.arucc.pccat.ca\/en\/feedback\/\" \/>\n<meta property=\"og:site_name\" content=\"ARUCC - PCCAT | Transcript &amp; Transfer Guide\" \/>\n<meta property=\"article:modified_time\" content=\"2025-04-14T22:22:43+00:00\" \/>\n<meta property=\"og:image\" content=\"https:\/\/guide.arucc.pccat.ca\/wp-content\/uploads\/2024\/05\/neve-marketing-agency-18.png\" \/>\n\t<meta property=\"og:image:width\" content=\"600\" \/>\n\t<meta property=\"og:image:height\" content=\"600\" \/>\n\t<meta property=\"og:image:type\" content=\"image\/png\" \/>\n<meta name=\"twitter:card\" content=\"summary_large_image\" \/>\n<meta name=\"twitter:label1\" content=\"Dur\u00e9e de lecture estim\u00e9e\" \/>\n\t<meta name=\"twitter:data1\" content=\"1 minute\" \/>\n<script type=\"application\/ld+json\" class=\"yoast-schema-graph\">{\"@context\":\"https:\/\/schema.org\",\"@graph\":[{\"@type\":\"WebPage\",\"@id\":\"https:\/\/guide.arucc.pccat.ca\/en\/feedback\/\",\"url\":\"https:\/\/guide.arucc.pccat.ca\/en\/feedback\/\",\"name\":\"R\u00e9troaction\u200b - ARUCC - PCCAT | Transcript &amp; Transfer Guide\",\"isPartOf\":{\"@id\":\"https:\/\/guide.arucc.pccat.ca\/fr\/#website\"},\"primaryImageOfPage\":{\"@id\":\"https:\/\/guide.arucc.pccat.ca\/en\/feedback\/#primaryimage\"},\"image\":{\"@id\":\"https:\/\/guide.arucc.pccat.ca\/en\/feedback\/#primaryimage\"},\"thumbnailUrl\":\"https:\/\/guide.arucc.pccat.ca\/wp-content\/uploads\/2024\/05\/neve-marketing-agency-18.png\",\"datePublished\":\"2020-01-27T15:15:05+00:00\",\"dateModified\":\"2025-04-14T22:22:43+00:00\",\"breadcrumb\":{\"@id\":\"https:\/\/guide.arucc.pccat.ca\/en\/feedback\/#breadcrumb\"},\"inLanguage\":\"fr-FR\",\"potentialAction\":[{\"@type\":\"ReadAction\",\"target\":[\"https:\/\/guide.arucc.pccat.ca\/en\/feedback\/\"]}]},{\"@type\":\"ImageObject\",\"inLanguage\":\"fr-FR\",\"@id\":\"https:\/\/guide.arucc.pccat.ca\/en\/feedback\/#primaryimage\",\"url\":\"https:\/\/guide.arucc.pccat.ca\/wp-content\/uploads\/2024\/05\/neve-marketing-agency-18.png\",\"contentUrl\":\"https:\/\/guide.arucc.pccat.ca\/wp-content\/uploads\/2024\/05\/neve-marketing-agency-18.png\"},{\"@type\":\"BreadcrumbList\",\"@id\":\"https:\/\/guide.arucc.pccat.ca\/en\/feedback\/#breadcrumb\",\"itemListElement\":[{\"@type\":\"ListItem\",\"position\":1,\"name\":\"Home\",\"item\":\"https:\/\/guide.arucc.pccat.ca\/fr\/\"},{\"@type\":\"ListItem\",\"position\":2,\"name\":\"R\u00e9troaction\u200b\"}]},{\"@type\":\"WebSite\",\"@id\":\"https:\/\/guide.arucc.pccat.ca\/fr\/#website\",\"url\":\"https:\/\/guide.arucc.pccat.ca\/fr\/\",\"name\":\"ARUCC - PCCAT | Transcript &amp; Transfer Guide\",\"description\":\"\",\"potentialAction\":[{\"@type\":\"SearchAction\",\"target\":{\"@type\":\"EntryPoint\",\"urlTemplate\":\"https:\/\/guide.arucc.pccat.ca\/fr\/?s={search_term_string}\"},\"query-input\":{\"@type\":\"PropertyValueSpecification\",\"valueRequired\":true,\"valueName\":\"search_term_string\"}}],\"inLanguage\":\"fr-FR\"}]}<\/script>\n<!-- \/ Yoast SEO plugin. -->","yoast_head_json":{"title":"R\u00e9troaction\u200b - ARUCC - PCCAT | Transcript &amp; Transfer Guide","robots":{"index":"index","follow":"follow","max-snippet":"max-snippet:-1","max-image-preview":"max-image-preview:large","max-video-preview":"max-video-preview:-1"},"canonical":"https:\/\/guide.arucc.pccat.ca\/en\/feedback\/","og_locale":"fr_FR","og_type":"article","og_title":"R\u00e9troaction\u200b - ARUCC - PCCAT | Transcript &amp; Transfer Guide","og_description":"R\u00e9troaction Formulaire de r\u00e9troaction Le Guide se veut une ressource vivante. Si vous travaillez actuellement \u00e0 l\u2019\u00e9laboration d\u2019une norme de relev\u00e9s de notes ou d\u2019un cadre de nomenclature de transferts de cr\u00e9dits sp\u00e9cifique \u00e0 votre \u00e9tablissement, et que vous recherchez des conseils ou souhaitez sugg\u00e9rer des am\u00e9liorations, veuillez s.v.p. remplir le formulaire de r\u00e9troaction ci-dessous. Vos commentaires seront achemin\u00e9s directement \u00e0 la pr\u00e9sidence du groupe de travail sur le Guide de l\u2019ARUCC et du CPCAT, lequel est compos\u00e9 de b\u00e9n\u00e9voles des services de registrariat et des parcours \u00e9tudiants. Ces personnes passeront en revue vos commentaires, apporteront des modifications au Guide, le cas \u00e9ch\u00e9ant, et communiqueront avec vous aux fins de suivi. Mandat Groupe de travail sur le Guide de l\u2019ARUCC et du CPCAT Mandat Principes appuyant le Guide\u00a0disponibles en ligne. Cliquer ici","og_url":"https:\/\/guide.arucc.pccat.ca\/en\/feedback\/","og_site_name":"ARUCC - PCCAT | Transcript &amp; Transfer Guide","article_modified_time":"2025-04-14T22:22:43+00:00","og_image":[{"width":600,"height":600,"url":"https:\/\/guide.arucc.pccat.ca\/wp-content\/uploads\/2024\/05\/neve-marketing-agency-18.png","type":"image\/png"}],"twitter_card":"summary_large_image","twitter_misc":{"Dur\u00e9e de lecture estim\u00e9e":"1 minute"},"schema":{"@context":"https:\/\/schema.org","@graph":[{"@type":"WebPage","@id":"https:\/\/guide.arucc.pccat.ca\/en\/feedback\/","url":"https:\/\/guide.arucc.pccat.ca\/en\/feedback\/","name":"R\u00e9troaction\u200b - ARUCC - PCCAT | Transcript &amp; Transfer Guide","isPartOf":{"@id":"https:\/\/guide.arucc.pccat.ca\/fr\/#website"},"primaryImageOfPage":{"@id":"https:\/\/guide.arucc.pccat.ca\/en\/feedback\/#primaryimage"},"image":{"@id":"https:\/\/guide.arucc.pccat.ca\/en\/feedback\/#primaryimage"},"thumbnailUrl":"https:\/\/guide.arucc.pccat.ca\/wp-content\/uploads\/2024\/05\/neve-marketing-agency-18.png","datePublished":"2020-01-27T15:15:05+00:00","dateModified":"2025-04-14T22:22:43+00:00","breadcrumb":{"@id":"https:\/\/guide.arucc.pccat.ca\/en\/feedback\/#breadcrumb"},"inLanguage":"fr-FR","potentialAction":[{"@type":"ReadAction","target":["https:\/\/guide.arucc.pccat.ca\/en\/feedback\/"]}]},{"@type":"ImageObject","inLanguage":"fr-FR","@id":"https:\/\/guide.arucc.pccat.ca\/en\/feedback\/#primaryimage","url":"https:\/\/guide.arucc.pccat.ca\/wp-content\/uploads\/2024\/05\/neve-marketing-agency-18.png","contentUrl":"https:\/\/guide.arucc.pccat.ca\/wp-content\/uploads\/2024\/05\/neve-marketing-agency-18.png"},{"@type":"BreadcrumbList","@id":"https:\/\/guide.arucc.pccat.ca\/en\/feedback\/#breadcrumb","itemListElement":[{"@type":"ListItem","position":1,"name":"Home","item":"https:\/\/guide.arucc.pccat.ca\/fr\/"},{"@type":"ListItem","position":2,"name":"R\u00e9troaction\u200b"}]},{"@type":"WebSite","@id":"https:\/\/guide.arucc.pccat.ca\/fr\/#website","url":"https:\/\/guide.arucc.pccat.ca\/fr\/","name":"ARUCC - PCCAT | Transcript &amp; Transfer Guide","description":"","potentialAction":[{"@type":"SearchAction","target":{"@type":"EntryPoint","urlTemplate":"https:\/\/guide.arucc.pccat.ca\/fr\/?s={search_term_string}"},"query-input":{"@type":"PropertyValueSpecification","valueRequired":true,"valueName":"search_term_string"}}],"inLanguage":"fr-FR"}]}},"_links":{"self":[{"href":"https:\/\/guide.arucc.pccat.ca\/fr\/wp-json\/wp\/v2\/pages\/1952","targetHints":{"allow":["GET"]}}],"collection":[{"href":"https:\/\/guide.arucc.pccat.ca\/fr\/wp-json\/wp\/v2\/pages"}],"about":[{"href":"https:\/\/guide.arucc.pccat.ca\/fr\/wp-json\/wp\/v2\/types\/page"}],"author":[{"embeddable":true,"href":"https:\/\/guide.arucc.pccat.ca\/fr\/wp-json\/wp\/v2\/users\/9"}],"replies":[{"embeddable":true,"href":"https:\/\/guide.arucc.pccat.ca\/fr\/wp-json\/wp\/v2\/comments?post=1952"}],"version-history":[{"count":16,"href":"https:\/\/guide.arucc.pccat.ca\/fr\/wp-json\/wp\/v2\/pages\/1952\/revisions"}],"predecessor-version":[{"id":2747,"href":"https:\/\/guide.arucc.pccat.ca\/fr\/wp-json\/wp\/v2\/pages\/1952\/revisions\/2747"}],"wp:attachment":[{"href":"https:\/\/guide.arucc.pccat.ca\/fr\/wp-json\/wp\/v2\/media?parent=1952"}],"curies":[{"name":"wp","href":"https:\/\/api.w.org\/{rel}","templated":true}]}}